{"id":1343,"date":"2015-06-12T12:55:24","date_gmt":"2015-06-12T12:55:24","guid":{"rendered":"http:\/\/www.umsocorpo.com.br\/site\/historia-dos-hebreus\/?page_id=1343"},"modified":"2018-08-14T00:00:37","modified_gmt":"2018-08-14T03:00:37","slug":"iii-parte-apendice-resposta-de-flavio-josefo-a-apio","status":"publish","type":"page","link":"https:\/\/umsocorpo.com.br\/historia-dos-hebreus\/iii-parte-apendice-resposta-de-flavio-josefo-a-apio\/","title":{"rendered":"III Parte \u2013 Ap\u00eandice Resposta de Fl\u00e1vio Josefo a \u00c1pio"},"content":{"rendered":"<ul>\n<li><a href=\"http:\/\/www.umsocorpo.com.br\/historia-dos-hebreus\/prefacio\/\">Pref\u00e1cio<\/a><\/li>\n<li><a href=\"http:\/\/www.umsocorpo.com.br\/historia-dos-hebreus\/parte\/iii-parte-apendice-resposta-de-flavio-josefo-a-apio\/livro-primeiro-iii-parte-apendice-resposta-de-flavio-josefo-a-apio\/\">Livro Primeiro<\/a><\/li>\n<li><a href=\"http:\/\/www.umsocorpo.com.br\/historia-dos-hebreus\/parte\/iii-parte-apendice-resposta-de-flavio-josefo-a-apio\/livro-segundo-iii-parte-apendice-resposta-de-flavio-josefo-a-apio\/\">Livro Segundo<\/a><\/li>\n<\/ul>\n","protected":false},"excerpt":{"rendered":"<p>Pref\u00e1cio Livro Primeiro Livro Segundo<\/p>\n","protected":false},"author":1,"featured_media":0,"parent":0,"menu_order":0,"comment_status":"closed","ping_status":"open","template":"","meta":{"footnotes":""},"class_list":["post-1343","page","type-page","status-publish","hentry"],"_links":{"self":[{"href":"https:\/\/umsocorpo.com.br\/historia-dos-hebreus\/wp-json\/wp\/v2\/pages\/1343","targetHints":{"allow":["GET"]}}],"collection":[{"href":"https:\/\/umsocorpo.com.br\/historia-dos-hebreus\/wp-json\/wp\/v2\/pages"}],"about":[{"href":"https:\/\/umsocorpo.com.br\/historia-dos-hebreus\/wp-json\/wp\/v2\/types\/page"}],"author":[{"embeddable":true,"href":"https:\/\/umsocorpo.com.br\/historia-dos-hebreus\/wp-json\/wp\/v2\/users\/1"}],"replies":[{"embeddable":true,"href":"https:\/\/umsocorpo.com.br\/historia-dos-hebreus\/wp-json\/wp\/v2\/comments?post=1343"}],"version-history":[{"count":0,"href":"https:\/\/umsocorpo.com.br\/historia-dos-hebreus\/wp-json\/wp\/v2\/pages\/1343\/revisions"}],"wp:attachment":[{"href":"https:\/\/umsocorpo.com.br\/historia-dos-hebreus\/wp-json\/wp\/v2\/media?parent=1343"}],"curies":[{"name":"wp","href":"https:\/\/api.w.org\/{rel}","templated":true}]}}