{"id":1337,"date":"2015-06-12T12:50:11","date_gmt":"2015-06-12T12:50:11","guid":{"rendered":"http:\/\/www.umsocorpo.com.br\/site\/historia-dos-hebreus\/?page_id=1337"},"modified":"2018-08-14T00:00:23","modified_gmt":"2018-08-14T03:00:23","slug":"i-parte-antiguidades-judaicas","status":"publish","type":"page","link":"https:\/\/umsocorpo.com.br\/historia-dos-hebreus\/i-parte-antiguidades-judaicas\/","title":{"rendered":"I Parte \u2013 Antiguidades Judaicas"},"content":{"rendered":"<ul>\n<li><a href=\"http:\/\/www.umsocorpo.com.br\/historia-dos-hebreus\/apresentacao\/\">Apresenta\u00e7\u00e3o<\/a><\/li>\n<li><a href=\"http:\/\/www.umsocorpo.com.br\/historia-dos-hebreus\/a-importancia-da-historia-para-se-compreender-o-plano-de-deus\/\">A import\u00e2ncia da Hist\u00f3ria para se Compreender o Plano de Deus<\/a><\/li>\n<li><a href=\"http:\/\/www.umsocorpo.com.br\/historia-dos-hebreus\/prefacio-de-josefo\/\">Pref\u00e1cio de Josefo<\/a><\/li>\n<li><a href=\"http:\/\/www.umsocorpo.com.br\/historia-dos-hebreus\/parte\/i-parte-antiguidades-judaicas\/livro-primeiro\/\">Livro Primeiro<\/a><\/li>\n<li><a href=\"http:\/\/www.umsocorpo.com.br\/historia-dos-hebreus\/parte\/i-parte-antiguidades-judaicas\/livro-segundo\/\">Livro Segundo<\/a><\/li>\n<li><a href=\"http:\/\/www.umsocorpo.com.br\/historia-dos-hebreus\/parte\/i-parte-antiguidades-judaicas\/livro-terceiro\/\">Livro Terceiro<\/a><\/li>\n<li><a href=\"http:\/\/www.umsocorpo.com.br\/historia-dos-hebreus\/parte\/i-parte-antiguidades-judaicas\/livro-quarto\/\">Livro Quarto<\/a><\/li>\n<li><a href=\"http:\/\/www.umsocorpo.com.br\/historia-dos-hebreus\/parte\/i-parte-antiguidades-judaicas\/livro-quinto\/\">Livro Quinto<\/a><\/li>\n<li><a href=\"http:\/\/www.umsocorpo.com.br\/historia-dos-hebreus\/parte\/i-parte-antiguidades-judaicas\/livro-sexto\/\">Livro Sexto<\/a><\/li>\n<li><a href=\"http:\/\/www.umsocorpo.com.br\/historia-dos-hebreus\/parte\/i-parte-antiguidades-judaicas\/livro-setimo\/\">Livro S\u00e9timo<\/a><\/li>\n<li><a href=\"http:\/\/www.umsocorpo.com.br\/historia-dos-hebreus\/parte\/i-parte-antiguidades-judaicas\/livro-oitavo\/\">Livro Oitavo<\/a><\/li>\n<li><a href=\"http:\/\/www.umsocorpo.com.br\/historia-dos-hebreus\/parte\/i-parte-antiguidades-judaicas\/livro-nono\/\">Livro Nono<\/a><\/li>\n<li><a href=\"http:\/\/www.umsocorpo.com.br\/historia-dos-hebreus\/parte\/i-parte-antiguidades-judaicas\/livro-decimo\/\">Livro D\u00e9cimo<\/a><\/li>\n<li><a href=\"http:\/\/www.umsocorpo.com.br\/historia-dos-hebreus\/parte\/i-parte-antiguidades-judaicas\/livro-decimo-primeiro\/\">Livro D\u00e9cimo Primeiro<\/a><\/li>\n<li><a href=\"http:\/\/www.umsocorpo.com.br\/historia-dos-hebreus\/parte\/i-parte-antiguidades-judaicas\/livro-decimo-segundo\/\">Livro D\u00e9cimo Segundo<\/a><\/li>\n<li><a href=\"http:\/\/www.umsocorpo.com.br\/historia-dos-hebreus\/parte\/i-parte-antiguidades-judaicas\/livro-decimo-terceiro\/\">Livro D\u00e9cimo Terceiro<\/a><\/li>\n<li><a href=\"http:\/\/www.umsocorpo.com.br\/historia-dos-hebreus\/parte\/i-parte-antiguidades-judaicas\/livro-decimo-quarto\/\">Livro D\u00e9cimo Quarto<\/a><\/li>\n<li><a href=\"http:\/\/www.umsocorpo.com.br\/historia-dos-hebreus\/parte\/i-parte-antiguidades-judaicas\/livro-decimo-quinto\/\">Livro D\u00e9cimo Quinto<\/a><\/li>\n<li><a href=\"http:\/\/www.umsocorpo.com.br\/historia-dos-hebreus\/parte\/i-parte-antiguidades-judaicas\/livro-decimo-sexto\/\">Livro D\u00e9cimo Sexto<\/a><\/li>\n<li><a href=\"http:\/\/www.umsocorpo.com.br\/historia-dos-hebreus\/parte\/i-parte-antiguidades-judaicas\/livro-decimo-setimo\/\">Livro D\u00e9cimo S\u00e9timo<\/a><\/li>\n<li><a href=\"http:\/\/www.umsocorpo.com.br\/historia-dos-hebreus\/parte\/i-parte-antiguidades-judaicas\/livro-decimo-oitavo\/\">Livro D\u00e9cimo Oitavo<\/a><\/li>\n<li><a href=\"http:\/\/www.umsocorpo.com.br\/historia-dos-hebreus\/parte\/i-parte-antiguidades-judaicas\/livro-decimo-nono\/\">Livro D\u00e9cimo Nono<\/a><\/li>\n<li><a href=\"http:\/\/www.umsocorpo.com.br\/historia-dos-hebreus\/parte\/i-parte-antiguidades-judaicas\/livro-vigesimo\/\">Livro Vig\u00e9simo<\/a><\/li>\n<\/ul>\n","protected":false},"excerpt":{"rendered":"<p>Apresenta\u00e7\u00e3o A import\u00e2ncia da Hist\u00f3ria para se Compreender o Plano de Deus Pref\u00e1cio de Josefo Livro Primeiro Livro Segundo Livro Terceiro Livro Quarto Livro Quinto Livro Sexto Livro S\u00e9timo Livro Oitavo Livro Nono Livro D\u00e9cimo Livro D\u00e9cimo Primeiro Livro D\u00e9cimo Segundo Livro D\u00e9cimo Terceiro Livro D\u00e9cimo Quarto Livro D\u00e9cimo Quinto Livro D\u00e9cimo Sexto Livro D\u00e9cimo&#8230; <a href=\"https:\/\/umsocorpo.com.br\/historia-dos-hebreus\/i-parte-antiguidades-judaicas\/\">ler mais &raquo;<\/a><\/p>\n","protected":false},"author":1,"featured_media":0,"parent":0,"menu_order":0,"comment_status":"closed","ping_status":"open","template":"","meta":{"footnotes":""},"class_list":["post-1337","page","type-page","status-publish","hentry"],"_links":{"self":[{"href":"https:\/\/umsocorpo.com.br\/historia-dos-hebreus\/wp-json\/wp\/v2\/pages\/1337","targetHints":{"allow":["GET"]}}],"collection":[{"href":"https:\/\/umsocorpo.com.br\/historia-dos-hebreus\/wp-json\/wp\/v2\/pages"}],"about":[{"href":"https:\/\/umsocorpo.com.br\/historia-dos-hebreus\/wp-json\/wp\/v2\/types\/page"}],"author":[{"embeddable":true,"href":"https:\/\/umsocorpo.com.br\/historia-dos-hebreus\/wp-json\/wp\/v2\/users\/1"}],"replies":[{"embeddable":true,"href":"https:\/\/umsocorpo.com.br\/historia-dos-hebreus\/wp-json\/wp\/v2\/comments?post=1337"}],"version-history":[{"count":0,"href":"https:\/\/umsocorpo.com.br\/historia-dos-hebreus\/wp-json\/wp\/v2\/pages\/1337\/revisions"}],"wp:attachment":[{"href":"https:\/\/umsocorpo.com.br\/historia-dos-hebreus\/wp-json\/wp\/v2\/media?parent=1337"}],"curies":[{"name":"wp","href":"https:\/\/api.w.org\/{rel}","templated":true}]}}