{"id":1322,"date":"2015-06-12T11:46:23","date_gmt":"2015-06-12T11:46:23","guid":{"rendered":"http:\/\/www.umsocorpo.com.br\/site\/historia-dos-hebreus\/?page_id=1322"},"modified":"2018-08-13T23:59:00","modified_gmt":"2018-08-14T02:59:00","slug":"indice-geral","status":"publish","type":"page","link":"https:\/\/umsocorpo.com.br\/historia-dos-hebreus\/indice-geral\/","title":{"rendered":"\u00cdndice Geral"},"content":{"rendered":"<p><strong>I Parte \u2013 Antiguidades Judaicas<\/strong><\/p>\n<p style=\"padding-left: 30px;\"><a href=\"http:\/\/www.umsocorpo.com.br\/historia-dos-hebreus\/apresentacao\/\">Apresenta\u00e7\u00e3o<br \/>\n<\/a><a href=\"http:\/\/www.umsocorpo.com.br\/historia-dos-hebreus\/a-importancia-da-historia-para-se-compreender-o-plano-de-deus\/\">A import\u00e2ncia da Hist\u00f3ria para se Compreender o Plano de Deus<br \/>\n<\/a><a href=\"http:\/\/www.umsocorpo.com.br\/historia-dos-hebreus\/prefacio-de-josefo\/\">Pref\u00e1cio de Josefo<br \/>\n<\/a><a href=\"http:\/\/www.umsocorpo.com.br\/historia-dos-hebreus\/parte\/i-parte-antiguidades-judaicas\/livro-primeiro\/\">Livro Primeiro<br \/>\n<\/a><a href=\"http:\/\/www.umsocorpo.com.br\/historia-dos-hebreus\/parte\/i-parte-antiguidades-judaicas\/livro-segundo\/\">Livro Segundo<br \/>\n<\/a><a href=\"http:\/\/www.umsocorpo.com.br\/historia-dos-hebreus\/parte\/i-parte-antiguidades-judaicas\/livro-terceiro\/\">Livro Terceiro<br \/>\n<\/a><a href=\"http:\/\/www.umsocorpo.com.br\/historia-dos-hebreus\/parte\/i-parte-antiguidades-judaicas\/livro-quarto\/\">Livro Quarto<br \/>\n<\/a><a href=\"http:\/\/www.umsocorpo.com.br\/historia-dos-hebreus\/parte\/i-parte-antiguidades-judaicas\/livro-quinto\/\">Livro Quinto<br \/>\n<\/a><a href=\"http:\/\/www.umsocorpo.com.br\/historia-dos-hebreus\/parte\/i-parte-antiguidades-judaicas\/livro-sexto\/\">Livro Sexto<br \/>\n<\/a><a href=\"http:\/\/www.umsocorpo.com.br\/historia-dos-hebreus\/parte\/i-parte-antiguidades-judaicas\/livro-setimo\/\">Livro S\u00e9timo<br \/>\n<\/a><a href=\"http:\/\/www.umsocorpo.com.br\/historia-dos-hebreus\/parte\/i-parte-antiguidades-judaicas\/livro-oitavo\/\">Livro Oitavo<br \/>\n<\/a><a href=\"http:\/\/www.umsocorpo.com.br\/historia-dos-hebreus\/parte\/i-parte-antiguidades-judaicas\/livro-nono\/\">Livro Nono<br \/>\n<\/a><a href=\"http:\/\/www.umsocorpo.com.br\/historia-dos-hebreus\/parte\/i-parte-antiguidades-judaicas\/livro-decimo\/\">Livro D\u00e9cimo<br \/>\n<\/a><a href=\"http:\/\/www.umsocorpo.com.br\/historia-dos-hebreus\/parte\/i-parte-antiguidades-judaicas\/livro-decimo-primeiro\/\">Livro D\u00e9cimo Primeiro<br \/>\n<\/a><a href=\"http:\/\/www.umsocorpo.com.br\/historia-dos-hebreus\/parte\/i-parte-antiguidades-judaicas\/livro-decimo-segundo\/\">Livro D\u00e9cimo Segundo<br \/>\n<\/a><a href=\"http:\/\/www.umsocorpo.com.br\/historia-dos-hebreus\/parte\/i-parte-antiguidades-judaicas\/livro-decimo-terceiro\/\">Livro D\u00e9cimo Terceiro<br \/>\n<\/a><a href=\"http:\/\/www.umsocorpo.com.br\/historia-dos-hebreus\/parte\/i-parte-antiguidades-judaicas\/livro-decimo-quarto\/\">Livro D\u00e9cimo Quarto<br \/>\n<\/a><a href=\"http:\/\/www.umsocorpo.com.br\/historia-dos-hebreus\/parte\/i-parte-antiguidades-judaicas\/livro-decimo-quinto\/\">Livro D\u00e9cimo Quinto<br \/>\n<\/a><a href=\"http:\/\/www.umsocorpo.com.br\/historia-dos-hebreus\/parte\/i-parte-antiguidades-judaicas\/livro-decimo-sexto\/\">Livro D\u00e9cimo Sexto<br \/>\n<\/a><a href=\"http:\/\/www.umsocorpo.com.br\/historia-dos-hebreus\/parte\/i-parte-antiguidades-judaicas\/livro-decimo-setimo\/\">Livro D\u00e9cimo S\u00e9timo<br \/>\n<\/a><a href=\"http:\/\/www.umsocorpo.com.br\/historia-dos-hebreus\/parte\/i-parte-antiguidades-judaicas\/livro-decimo-oitavo\/\">Livro D\u00e9cimo Oitavo<br \/>\n<\/a><a href=\"http:\/\/www.umsocorpo.com.br\/historia-dos-hebreus\/parte\/i-parte-antiguidades-judaicas\/livro-decimo-nono\/\">Livro D\u00e9cimo Nono<br \/>\n<\/a><a href=\"http:\/\/www.umsocorpo.com.br\/historia-dos-hebreus\/parte\/i-parte-antiguidades-judaicas\/livro-vigesimo\/\">Livro Vig\u00e9simo<\/a><\/p>\n<p><strong>II Parte \u2013 Guerra dos Judeus Contra os Romanos<\/strong><\/p>\n<p style=\"padding-left: 30px;\"><a href=\"http:\/\/www.umsocorpo.com.br\/historia-dos-hebreus\/advertencia\/\">Advert\u00eancia<br \/>\n<\/a><a href=\"http:\/\/www.umsocorpo.com.br\/historia-dos-hebreus\/vida-de-flavio-josefo-escrita-por-ele-mesmo\/\">Vida de Fl\u00e1vio Josefo Escrita por Ele mesmo<br \/>\n<\/a><a href=\"http:\/\/www.umsocorpo.com.br\/historia-dos-hebreus\/prefacio-de-josefo-2\/\">Pref\u00e1cio de Josefo<br \/>\n<\/a><a href=\"http:\/\/www.umsocorpo.com.br\/historia-dos-hebreus\/parte\/ii-parte-guerra-dos-judeus-contra-os-romanos\/livro-primeiro-ii-parte-guerra-dos-judeus-contra-os-romanos\/\">Livro Primeiro<br \/>\n<\/a><a href=\"http:\/\/www.umsocorpo.com.br\/historia-dos-hebreus\/parte\/ii-parte-guerra-dos-judeus-contra-os-romanos\/livro-segundo-ii-parte-guerra-dos-judeus-contra-os-romanos\/\">Livro Segundo<br \/>\n<\/a><a href=\"http:\/\/www.umsocorpo.com.br\/historia-dos-hebreus\/parte\/ii-parte-guerra-dos-judeus-contra-os-romanos\/livro-terceiro-ii-parte-guerra-dos-judeus-contra-os-romanos\/\">Livro Terceiro<br \/>\n<\/a><a href=\"http:\/\/www.umsocorpo.com.br\/historia-dos-hebreus\/parte\/ii-parte-guerra-dos-judeus-contra-os-romanos\/livro-quarto-ii-parte-guerra-dos-judeus-contra-os-romanos\/\">Livro Quarto<br \/>\n<\/a><a href=\"http:\/\/www.umsocorpo.com.br\/historia-dos-hebreus\/parte\/ii-parte-guerra-dos-judeus-contra-os-romanos\/livro-quinto-ii-parte-guerra-dos-judeus-contra-os-romanos\/\">Livro Quinto<br \/>\n<\/a><a href=\"http:\/\/www.umsocorpo.com.br\/historia-dos-hebreus\/parte\/ii-parte-guerra-dos-judeus-contra-os-romanos\/livro-sexto-ii-parte-guerra-dos-judeus-contra-os-romanos\/\">Livro Sexto<br \/>\n<\/a><a href=\"http:\/\/www.umsocorpo.com.br\/historia-dos-hebreus\/parte\/ii-parte-guerra-dos-judeus-contra-os-romanos\/livro-setimo-ii-parte-guerra-dos-judeus-contra-os-romanos\/\">Livro S\u00e9timo<\/a><\/p>\n<p><strong>III Parte \u2013 Ap\u00eandice Resposta de Fl\u00e1vio Josefo a \u00c1pio<\/strong><\/p>\n<p style=\"padding-left: 30px;\"><a href=\"http:\/\/www.umsocorpo.com.br\/historia-dos-hebreus\/prefacio\/\">Pref\u00e1cio<br \/>\n<\/a><a href=\"http:\/\/www.umsocorpo.com.br\/historia-dos-hebreus\/parte\/iii-parte-apendice-resposta-de-flavio-josefo-a-apio\/livro-primeiro-iii-parte-apendice-resposta-de-flavio-josefo-a-apio\/\">Livro Primeiro<br \/>\n<\/a><a href=\"http:\/\/www.umsocorpo.com.br\/historia-dos-hebreus\/parte\/iii-parte-apendice-resposta-de-flavio-josefo-a-apio\/livro-segundo-iii-parte-apendice-resposta-de-flavio-josefo-a-apio\/\">Livro Segundo<\/a><\/p>\n<p><strong>O Mart\u00edrio Dos Macabeus<\/strong><\/p>\n<p style=\"padding-left: 30px;\"><a href=\"http:\/\/www.umsocorpo.com.br\/historia-dos-hebreus\/prefacio-de-josefo-3\/\">Pref\u00e1cio de Josefo<br \/>\n<\/a><a href=\"http:\/\/www.umsocorpo.com.br\/historia-dos-hebreus\/parte\/o-martirio-dos-macabeus\/livro-unico\/\">Livro \u00danico<\/a><\/p>\n<p><strong>Relato de F\u00edlon<\/strong><\/p>\n<p style=\"padding-left: 30px;\"><a href=\"http:\/\/www.umsocorpo.com.br\/historia-dos-hebreus\/prefacio-de-filon\/\">Pref\u00e1cio de F\u00edlon<br \/>\n<\/a><a href=\"http:\/\/www.umsocorpo.com.br\/historia-dos-hebreus\/parte\/relato-de-filon\/livro-unico-relato-de-filon\/\">Livro \u00danico<\/a><\/p>\n","protected":false},"excerpt":{"rendered":"<p>I Parte \u2013 Antiguidades Judaicas Apresenta\u00e7\u00e3o A import\u00e2ncia da Hist\u00f3ria para se Compreender o Plano de Deus Pref\u00e1cio de Josefo Livro Primeiro Livro Segundo Livro Terceiro Livro Quarto Livro Quinto Livro Sexto Livro S\u00e9timo Livro Oitavo Livro Nono Livro D\u00e9cimo Livro D\u00e9cimo Primeiro Livro D\u00e9cimo Segundo Livro D\u00e9cimo Terceiro Livro D\u00e9cimo Quarto Livro D\u00e9cimo Quinto&#8230; <a href=\"https:\/\/umsocorpo.com.br\/historia-dos-hebreus\/indice-geral\/\">ler mais &raquo;<\/a><\/p>\n","protected":false},"author":1,"featured_media":0,"parent":0,"menu_order":0,"comment_status":"closed","ping_status":"open","template":"","meta":{"footnotes":""},"class_list":["post-1322","page","type-page","status-publish","hentry"],"_links":{"self":[{"href":"https:\/\/umsocorpo.com.br\/historia-dos-hebreus\/wp-json\/wp\/v2\/pages\/1322","targetHints":{"allow":["GET"]}}],"collection":[{"href":"https:\/\/umsocorpo.com.br\/historia-dos-hebreus\/wp-json\/wp\/v2\/pages"}],"about":[{"href":"https:\/\/umsocorpo.com.br\/historia-dos-hebreus\/wp-json\/wp\/v2\/types\/page"}],"author":[{"embeddable":true,"href":"https:\/\/umsocorpo.com.br\/historia-dos-hebreus\/wp-json\/wp\/v2\/users\/1"}],"replies":[{"embeddable":true,"href":"https:\/\/umsocorpo.com.br\/historia-dos-hebreus\/wp-json\/wp\/v2\/comments?post=1322"}],"version-history":[{"count":0,"href":"https:\/\/umsocorpo.com.br\/historia-dos-hebreus\/wp-json\/wp\/v2\/pages\/1322\/revisions"}],"wp:attachment":[{"href":"https:\/\/umsocorpo.com.br\/historia-dos-hebreus\/wp-json\/wp\/v2\/media?parent=1322"}],"curies":[{"name":"wp","href":"https:\/\/api.w.org\/{rel}","templated":true}]}}