{"id":1312,"date":"2015-06-12T08:15:34","date_gmt":"2015-06-12T08:15:34","guid":{"rendered":"http:\/\/www.umsocorpo.com.br\/site\/historia-dos-hebreus\/?page_id=1312"},"modified":"2025-03-20T16:11:04","modified_gmt":"2025-03-20T19:11:04","slug":"inicio","status":"publish","type":"page","link":"https:\/\/umsocorpo.com.br\/historia-dos-hebreus\/","title":{"rendered":"Hist\u00f3ria dos Hebreus"},"content":{"rendered":"\n<div class=\"wp-block-media-text is-stacked-on-mobile\" style=\"grid-template-columns:27% auto\"><figure class=\"wp-block-media-text__media\"><img loading=\"lazy\" decoding=\"async\" width=\"302\" height=\"385\" src=\"https:\/\/umsocorpo.com.br\/historia-dos-hebreus\/admin\/wp-content\/uploads\/2025\/03\/historia-dos-hebreus.webp\" alt=\"Livro Hist\u00f3ria dos Hebreus - por Flavio Josefo\" class=\"wp-image-1973 size-full\" srcset=\"https:\/\/umsocorpo.com.br\/historia-dos-hebreus\/admin\/wp-content\/uploads\/2025\/03\/historia-dos-hebreus.webp 302w, https:\/\/umsocorpo.com.br\/historia-dos-hebreus\/admin\/wp-content\/uploads\/2025\/03\/historia-dos-hebreus-235x300.webp 235w, https:\/\/umsocorpo.com.br\/historia-dos-hebreus\/admin\/wp-content\/uploads\/2025\/03\/historia-dos-hebreus-300x382.webp 300w\" sizes=\"auto, (max-width: 302px) 100vw, 302px\" \/><\/figure><div class=\"wp-block-media-text__content\">\n<h2 class=\"wp-block-heading\">De Abra\u00e3o \u00e0 queda de Jerusal\u00e9m<\/h2>\n\n\n\n<p>&#8220;Hist\u00f3ria dos Hebreus&#8221;, de Fl\u00e1vio Josefo, \u00e9 um relato essencial sobre a trajet\u00f3ria do povo judeu, escrito por um historiador que viveu no s\u00e9culo I. Com riqueza de detalhes, a obra narra eventos marcantes, como guerras e profecias, sendo indispens\u00e1vel para quem deseja entender a hist\u00f3ria e cultura judaica.<\/p>\n\n\n\n<p><em>O Autor<\/em><\/p>\n\n\n\n<p>De origem judaica, sendo tamb\u00e9m de linhagem sacerdotal, Fl\u00e1vio Josefo, um escritor e historiador judeu que viveu entre 37 e 103 d.c., escreveu a obra que se tornaria, depois da B\u00edblia, a maior fonte de informa\u00e7\u00f5es sobre os imp\u00e9rios da Antiguidade, o povo judeu e o Imp\u00e9rio Romano.<\/p>\n\n\n\n<p>Op\u00e7\u00f5es de Compra:<\/p>\n\n\n\n<div class=\"wp-block-buttons is-content-justification-left is-layout-flex wp-container-core-buttons-is-layout-fdcfc74e wp-block-buttons-is-layout-flex\">\n<div class=\"wp-block-button\"><a class=\"wp-block-button__link wp-element-button\" href=\"https:\/\/amzn.to\/4kFW30Z\">Amazon<\/a><\/div>\n\n\n\n<div class=\"wp-block-button\"><a class=\"wp-block-button__link wp-element-button\" href=\"https:\/\/www.magazinevoce.com.br\/magazinesuainfancia\/historias-do-hebreus-de-flavio-josefo-editora-cpad-capa-dura-em-portugues-2018\/p\/eb50a21350\/li\/otli\/\">Magalu<\/a><\/div>\n<\/div>\n<\/div><\/div>\n\n\n\n<p>Tendo atravessado s\u00e9culos at\u00e9 os nossos dias, a hist\u00f3ria do povo judeu, atrav\u00e9s do registro de Fl\u00e1vio Josefo, permanece como o mais fidedigno relato dos acontecimentos contidos nas Escrituras.<\/p>\n\n\n\n<p>Diversas raz\u00f5es contribu\u00edram para tornar esta uma obra-prima, n\u00e3o apenas a magnitude do assunto, mas tamb\u00e9m o fato de seu autor ser tanto testemunha ocular quanto coadjuvante de alguns dos eventos por ele narrados. Al\u00e9m disso, o que se revela em <em>Hist\u00f3ria dos Hebreus<\/em> \u00e9 a confirma\u00e7\u00e3o das promessas de Deus para o seu povo e o cumprimento de sua Palavra em todos os fatos registrados em suas p\u00e1ginas.<\/p>\n","protected":false},"excerpt":{"rendered":"<p>Tendo atravessado s\u00e9culos at\u00e9 os nossos dias, a hist\u00f3ria do povo judeu, atrav\u00e9s do registro de Fl\u00e1vio Josefo, permanece como o mais fidedigno relato dos acontecimentos contidos nas Escrituras. Diversas raz\u00f5es contribu\u00edram para tornar esta uma obra-prima, n\u00e3o apenas a magnitude do assunto, mas tamb\u00e9m o fato de seu autor ser tanto testemunha ocular quanto&#8230; <a href=\"https:\/\/umsocorpo.com.br\/historia-dos-hebreus\/\">ler mais &raquo;<\/a><\/p>\n","protected":false},"author":1,"featured_media":0,"parent":0,"menu_order":0,"comment_status":"closed","ping_status":"closed","template":"","meta":{"footnotes":""},"class_list":["post-1312","page","type-page","status-publish","hentry"],"_links":{"self":[{"href":"https:\/\/umsocorpo.com.br\/historia-dos-hebreus\/wp-json\/wp\/v2\/pages\/1312","targetHints":{"allow":["GET"]}}],"collection":[{"href":"https:\/\/umsocorpo.com.br\/historia-dos-hebreus\/wp-json\/wp\/v2\/pages"}],"about":[{"href":"https:\/\/umsocorpo.com.br\/historia-dos-hebreus\/wp-json\/wp\/v2\/types\/page"}],"author":[{"embeddable":true,"href":"https:\/\/umsocorpo.com.br\/historia-dos-hebreus\/wp-json\/wp\/v2\/users\/1"}],"replies":[{"embeddable":true,"href":"https:\/\/umsocorpo.com.br\/historia-dos-hebreus\/wp-json\/wp\/v2\/comments?post=1312"}],"version-history":[{"count":0,"href":"https:\/\/umsocorpo.com.br\/historia-dos-hebreus\/wp-json\/wp\/v2\/pages\/1312\/revisions"}],"wp:attachment":[{"href":"https:\/\/umsocorpo.com.br\/historia-dos-hebreus\/wp-json\/wp\/v2\/media?parent=1312"}],"curies":[{"name":"wp","href":"https:\/\/api.w.org\/{rel}","templated":true}]}}