{"id":1312,"date":"2015-06-12T08:15:34","date_gmt":"2015-06-12T08:15:34","guid":{"rendered":"http:\/\/www.umsocorpo.com.br\/site\/historia-dos-hebreus\/?page_id=1312"},"modified":"2025-03-21T12:18:08","modified_gmt":"2025-03-21T15:18:08","slug":"inicio","status":"publish","type":"page","link":"https:\/\/umsocorpo.com.br\/harpa-crista\/","title":{"rendered":"Harpa Crist\u00e3"},"content":{"rendered":"\n<div class=\"wp-block-media-text is-stacked-on-mobile\" style=\"grid-template-columns:24% auto\"><figure class=\"wp-block-media-text__media\"><img loading=\"lazy\" decoding=\"async\" width=\"338\" height=\"445\" src=\"https:\/\/umsocorpo.com.br\/harpa-crista\/admin\/wp-content\/uploads\/2025\/03\/harpa-crista.webp\" alt=\"Harpa Crist\u00e3\" class=\"wp-image-2586 size-full\" srcset=\"https:\/\/umsocorpo.com.br\/harpa-crista\/admin\/wp-content\/uploads\/2025\/03\/harpa-crista.webp 338w, https:\/\/umsocorpo.com.br\/harpa-crista\/admin\/wp-content\/uploads\/2025\/03\/harpa-crista-228x300.webp 228w, https:\/\/umsocorpo.com.br\/harpa-crista\/admin\/wp-content\/uploads\/2025\/03\/harpa-crista-300x395.webp 300w\" sizes=\"auto, (max-width: 338px) 100vw, 338px\" \/><\/figure><div class=\"wp-block-media-text__content\">\n<h2 class=\"wp-block-heading\">De Abra\u00e3o \u00e0 queda de Jerusal\u00e9m<\/h2>\n\n\n\n<p>O hin\u00e1rio mais popular do pa\u00eds agora com layout moderno, nova capa e com pre\u00e7o ainda menor. Adore a Deus e sinta a presen\u00e7a do Esp\u00edrito Santo com os belos hinos da Harpa Crist\u00e3. Agora com lindos modelos para voc\u00ea colecionar ou presentear, com a qualidade e a tradi\u00e7\u00e3o que voc\u00ea j\u00e1 conhece!<\/p>\n\n\n\n<p>Op\u00e7\u00f5es de Compra:<\/p>\n\n\n\n<div class=\"wp-block-buttons is-content-justification-left is-layout-flex wp-container-core-buttons-is-layout-fdcfc74e wp-block-buttons-is-layout-flex\">\n<div class=\"wp-block-button\"><a class=\"wp-block-button__link wp-element-button\" href=\"https:\/\/amzn.to\/4kLOgyW\">Amazon<\/a><\/div>\n\n\n\n<div class=\"wp-block-button\"><a class=\"wp-block-button__link wp-element-button\" href=\"https:\/\/www.magazinevoce.com.br\/magazinesuainfancia\/harpa-avivada-e-corinhos-com-refrao-em-vermelho-letra-gigante-fe-branca\/p\/cd261e8e46\/li\/liao\/\">Magalu<\/a><\/div>\n<\/div>\n<\/div><\/div>\n\n\n\n<p>A <strong>Harpa Crist\u00e3<\/strong> \u00e9 o hin\u00e1rio mais tradicional das igrejas evang\u00e9licas no Brasil, repleto de hinos inspiradores que fortalecem a f\u00e9 e a adora\u00e7\u00e3o. Com letras que transmitem mensagens de esperan\u00e7a, louvor e gratid\u00e3o, ela \u00e9 um verdadeiro tesouro para cultos, momentos devocionais e celebra\u00e7\u00f5es especiais. Seja para cantar em fam\u00edlia, no templo ou em particular, a <strong>Harpa Crist\u00e3<\/strong> \u00e9 um convite para se conectar com Deus atrav\u00e9s da m\u00fasica. Adquira a sua e tenha sempre \u00e0 m\u00e3o can\u00e7\u00f5es que tocam o cora\u00e7\u00e3o e elevam a alma!<\/p>\n","protected":false},"excerpt":{"rendered":"<p>A Harpa Crist\u00e3 \u00e9 o hin\u00e1rio mais tradicional das igrejas evang\u00e9licas no Brasil, repleto de hinos inspiradores que fortalecem a f\u00e9 e a adora\u00e7\u00e3o. Com letras que transmitem mensagens de esperan\u00e7a, louvor e gratid\u00e3o, ela \u00e9 um verdadeiro tesouro para cultos, momentos devocionais e celebra\u00e7\u00f5es especiais. Seja para cantar em fam\u00edlia, no templo ou em&#8230; <a href=\"https:\/\/umsocorpo.com.br\/harpa-crista\/\">ler mais &raquo;<\/a><\/p>\n","protected":false},"author":1,"featured_media":0,"parent":0,"menu_order":0,"comment_status":"closed","ping_status":"closed","template":"","meta":{"footnotes":""},"class_list":["post-1312","page","type-page","status-publish","hentry"],"_links":{"self":[{"href":"https:\/\/umsocorpo.com.br\/harpa-crista\/wp-json\/wp\/v2\/pages\/1312","targetHints":{"allow":["GET"]}}],"collection":[{"href":"https:\/\/umsocorpo.com.br\/harpa-crista\/wp-json\/wp\/v2\/pages"}],"about":[{"href":"https:\/\/umsocorpo.com.br\/harpa-crista\/wp-json\/wp\/v2\/types\/page"}],"author":[{"embeddable":true,"href":"https:\/\/umsocorpo.com.br\/harpa-crista\/wp-json\/wp\/v2\/users\/1"}],"replies":[{"embeddable":true,"href":"https:\/\/umsocorpo.com.br\/harpa-crista\/wp-json\/wp\/v2\/comments?post=1312"}],"version-history":[{"count":0,"href":"https:\/\/umsocorpo.com.br\/harpa-crista\/wp-json\/wp\/v2\/pages\/1312\/revisions"}],"wp:attachment":[{"href":"https:\/\/umsocorpo.com.br\/harpa-crista\/wp-json\/wp\/v2\/media?parent=1312"}],"curies":[{"name":"wp","href":"https:\/\/api.w.org\/{rel}","templated":true}]}}